{"id":16032,"date":"2026-03-03T06:56:51","date_gmt":"2026-03-03T06:56:51","guid":{"rendered":"https:\/\/reflojistik.com\/teklif-al\/"},"modified":"2026-03-08T10:49:53","modified_gmt":"2026-03-08T10:49:53","slug":"get-a-quote","status":"publish","type":"page","link":"https:\/\/reflojistik.com\/en\/get-a-quote\/","title":{"rendered":"Get a Quote"},"content":{"rendered":"\t\t<div data-elementor-type=\"wp-page\" data-elementor-id=\"16032\" class=\"elementor elementor-16032 elementor-15675\">\n\t\t\t\t<div class=\"elementor-element elementor-element-5cce5d5 e-con-full e-flex pxl-section-overflow-visible pxl-column-none pxl-section-fix-none pxl-bg-color-none e-con e-parent \" data-id=\"5cce5d5\" data-element_type=\"container\" data-e-type=\"container\" data-settings=\"{&quot;background_background&quot;:&quot;classic&quot;}\">\t\t<div class=\"elementor-element elementor-element-8d377d6 elementor-widget elementor-widget-heading\" data-id=\"8d377d6\" data-element_type=\"widget\" data-e-type=\"widget\" data-widget_type=\"heading.default\">\n\t\t\t\t\t<h2 class=\"elementor-heading-title elementor-size-default\">Get a Quote<\/h2>\t\t\t\t<\/div>\n\t\t\t\t<\/div>\r\n\t\t<div class=\"elementor-element elementor-element-ca5317b e-flex e-con-boxed pxl-section-overflow-visible pxl-column-none pxl-section-fix-none pxl-bg-color-none e-con e-parent \" data-id=\"ca5317b\" data-element_type=\"container\" data-e-type=\"container\">\t\t\t<div class=\"e-con-inner\">\r\n\t\t<div class=\"elementor-element elementor-element-5f8f010 e-flex e-con-boxed pxl-section-overflow-visible pxl-column-none pxl-section-fix-none pxl-bg-color-none e-con e-child \" data-id=\"5f8f010\" data-element_type=\"container\" data-e-type=\"container\">\t\t\t<div class=\"e-con-inner\">\r\n\t\t<div class=\"elementor-element elementor-element-9c74135 e-con-full e-flex pxl-section-overflow-visible pxl-column-none pxl-section-fix-none pxl-bg-color-none e-con e-child \" data-id=\"9c74135\" data-element_type=\"container\" data-e-type=\"container\"><div class=\"elementor-element elementor-element-cf26ad6 e-con-full e-flex pxl-section-overflow-visible pxl-column-none pxl-section-fix-none pxl-bg-color-none e-con e-child \" data-id=\"cf26ad6\" data-element_type=\"container\" data-e-type=\"container\">\t\t<div class=\"elementor-element elementor-element-3dd8e6d elementor-widget elementor-widget-pxl_heading\" data-id=\"3dd8e6d\" data-element_type=\"widget\" data-e-type=\"widget\" data-widget_type=\"pxl_heading.default\">\n\t\t\t\t<div class=\"elementor-widget-container\">\n\t\t\t\t\t\n<div id=\"pxl-pxl_heading-3dd8e6d-9527\" class=\"pxl-heading px-sub-title-default-style \">\n\t<div class=\"pxl-heading--inner\">\n\t\t\n\t\t<h3 class=\"pxl-item--title style-default highlight-default wow fadeInUp\" data-wow-delay=\"ms\">\n\n\t\t\t<span class=\"pxl-heading--text\">\n\n\t\t\t\t\t\t\t\t\tSolutions Tailored to Your Needs\t\n\t\t\t\t\t\n\n\t\t\t<\/span>\n\t\t<\/h3>\n\t\t\n\t<\/div>\n<\/div>\t\t\t\t<\/div>\n\t\t\t\t<\/div>\n\t\t\t\t<div class=\"elementor-element elementor-element-41c0447 elementor-widget elementor-widget-pxl_text_editor\" data-id=\"41c0447\" data-element_type=\"widget\" data-e-type=\"widget\" data-widget_type=\"pxl_text_editor.default\">\n\t\t\t\t<div class=\"elementor-widget-container\">\n\t\t\t\t\t<div class=\"pxl-text-editor highlight-gradient\">\n\t<div class=\"pxl-item--inner  \" data-wow-delay=\"ms\">\n\t\t<p data-start=\"0\" data-end=\"116\"><span style=\"color: #000000\">We always consider <strong data-start=\"19\" data-end=\"44\">customer satisfaction<\/strong> our top priority and aim to provide you with the best possible service.<\/span><\/p><p data-start=\"118\" data-end=\"463\"><span style=\"color: #000000\">In order to offer solutions that best meet your needs, we are here to share our offers for <strong data-start=\"209\" data-end=\"249\">freight and other logistics services<\/strong>. You can provide us with detailed information by filling out the <strong data-start=\"315\" data-end=\"337\">Quote Request Form<\/strong> below. This form will help us better understand your requirements and prepare the most suitable offer tailored to your needs.<\/span><\/p><p data-start=\"465\" data-end=\"538\" data-is-last-node=\"\" data-is-only-node=\"\"><span style=\"color: #000000\">After you submit the form, our team will contact you as soon as possible.<\/span><\/p>\t\t\n\t<\/div>\n<\/div>\t\t\t\t<\/div>\n\t\t\t\t<\/div>\n\t\t\t\t<\/div>\r\n\t\t<div class=\"elementor-element elementor-element-050c1f1 e-flex e-con-boxed pxl-section-overflow-visible pxl-column-none pxl-section-fix-none pxl-bg-color-none e-con e-child \" data-id=\"050c1f1\" data-element_type=\"container\" data-e-type=\"container\">\t\t\t<div class=\"e-con-inner\">\r\n\t\t<div class=\"elementor-element elementor-element-d82fb03 e-con-full e-flex pxl-section-overflow-visible pxl-column-none pxl-section-fix-none pxl-bg-color-none elementor-invisible e-con e-child \" data-id=\"d82fb03\" data-element_type=\"container\" data-e-type=\"container\" data-settings=\"{&quot;background_background&quot;:&quot;classic&quot;,&quot;animation&quot;:&quot;fadeInRight&quot;}\"><div class=\"elementor-element elementor-element-dd076a0 e-con-full e-flex pxl-section-overflow-visible pxl-column-none pxl-section-fix-none pxl-bg-color-none e-con e-child \" data-id=\"dd076a0\" data-element_type=\"container\" data-e-type=\"container\" data-settings=\"{&quot;background_background&quot;:&quot;classic&quot;}\">\t\t<div class=\"elementor-element elementor-element-c44b5d0 elementor-widget elementor-widget-shortcode\" data-id=\"c44b5d0\" data-element_type=\"widget\" data-e-type=\"widget\" data-widget_type=\"shortcode.default\">\n\t\t\t\t\t\t\t<div class=\"elementor-shortcode\"><div class=\"forminator-ui forminator-custom-form forminator-custom-form-16065 forminator-design--default  forminator_ajax\" data-forminator-render=\"0\" data-form=\"forminator-module-16065\" data-uid=\"69e5a2e34e9e5\"><br\/><\/div><form\n\t\t\t\tid=\"forminator-module-16065\"\n\t\t\t\tclass=\"forminator-ui forminator-custom-form forminator-custom-form-16065 forminator-design--default  forminator_ajax\"\n\t\t\t\tmethod=\"post\"\n\t\t\t\tdata-forminator-render=\"0\"\n\t\t\t\tdata-form-id=\"16065\"\n\t\t\t\t data-color-option=\"theme\" data-design=\"default\" data-grid=\"open\" style=\"display: none;\"\n\t\t\t\tdata-uid=\"69e5a2e34e9e5\"\n\t\t\t><div role=\"alert\" aria-live=\"polite\" class=\"forminator-response-message forminator-error\" aria-hidden=\"true\"><\/div><div class=\"forminator-row\"><div id=\"name-1\" class=\"forminator-field-name forminator-col forminator-col-12 \"><div class=\"forminator-field\"><label for=\"forminator-field-name-1_69e5a2e34e9e5\" id=\"forminator-field-name-1_69e5a2e34e9e5-label\" class=\"forminator-label\">Full Name <span class=\"forminator-required\">*<\/span><\/label><input type=\"text\" name=\"name-1\" value=\"\" placeholder=\"\" id=\"forminator-field-name-1_69e5a2e34e9e5\" class=\"forminator-input forminator-name--field\" aria-required=\"true\" autocomplete=\"name\" \/><\/div><\/div><\/div><div class=\"forminator-row\"><div id=\"text-1\" class=\"forminator-field-text forminator-col forminator-col-12 \"><div class=\"forminator-field\"><label for=\"forminator-field-text-1_69e5a2e34e9e5\" id=\"forminator-field-text-1_69e5a2e34e9e5-label\" class=\"forminator-label\">Company Name <span class=\"forminator-required\">*<\/span><\/label><input type=\"text\" name=\"text-1\" value=\"\" placeholder=\"\" id=\"forminator-field-text-1_69e5a2e34e9e5\" class=\"forminator-input forminator-name--field\" data-required=\"1\" \/><\/div><\/div><\/div><div class=\"forminator-row\"><div id=\"phone-1\" class=\"forminator-field-phone forminator-col forminator-col-12 \"><div class=\"forminator-field\"><label for=\"forminator-field-phone-1_69e5a2e34e9e5\" id=\"forminator-field-phone-1_69e5a2e34e9e5-label\" class=\"forminator-label\">Phone Number <span class=\"forminator-required\">*<\/span><\/label><input type=\"text\" name=\"phone-1\" value=\"\" placeholder=\"\" id=\"forminator-field-phone-1_69e5a2e34e9e5\" class=\"forminator-input forminator-field--phone\" data-required=\"1\" aria-required=\"true\" autocomplete=\"off\" data-national_mode=\"disabled\" data-country=\"tr\" data-validation=\"international\" \/><\/div><\/div><\/div><div class=\"forminator-row\"><div id=\"email-1\" class=\"forminator-field-email forminator-col forminator-col-12 \"><div class=\"forminator-field\"><label for=\"forminator-field-email-1_69e5a2e34e9e5\" id=\"forminator-field-email-1_69e5a2e34e9e5-label\" class=\"forminator-label\">Email Address <span class=\"forminator-required\">*<\/span><\/label><input type=\"email\" name=\"email-1\" value=\"\" placeholder=\"\" id=\"forminator-field-email-1_69e5a2e34e9e5\" class=\"forminator-input forminator-email--field\" data-required=\"1\" aria-required=\"true\" autocomplete=\"email\" \/><\/div><\/div><\/div><div class=\"forminator-row\"><div id=\"text-2\" class=\"forminator-field-text forminator-col forminator-col-12 \"><div class=\"forminator-field\"><label for=\"forminator-field-text-2_69e5a2e34e9e5\" id=\"forminator-field-text-2_69e5a2e34e9e5-label\" class=\"forminator-label\">Loading Address <span class=\"forminator-required\">*<\/span><\/label><input type=\"text\" name=\"text-2\" value=\"\" placeholder=\"\" id=\"forminator-field-text-2_69e5a2e34e9e5\" class=\"forminator-input forminator-name--field\" data-required=\"1\" \/><\/div><\/div><\/div><div class=\"forminator-row\"><div id=\"text-3\" class=\"forminator-field-text forminator-col forminator-col-12 \"><div class=\"forminator-field\"><label for=\"forminator-field-text-3_69e5a2e34e9e5\" id=\"forminator-field-text-3_69e5a2e34e9e5-label\" class=\"forminator-label\">Delivery Address <span class=\"forminator-required\">*<\/span><\/label><input type=\"text\" name=\"text-3\" value=\"\" placeholder=\"\" id=\"forminator-field-text-3_69e5a2e34e9e5\" class=\"forminator-input forminator-name--field\" data-required=\"1\" \/><\/div><\/div><\/div><div class=\"forminator-row\"><div id=\"radio-1\" class=\"forminator-field-radio forminator-col forminator-col-12 \"><div role=\"radiogroup\" class=\"forminator-field\" aria-labelledby=\"forminator-radiogroup-radio-1-69e5a2e34e9e5-label\"><span id=\"forminator-radiogroup-radio-1-69e5a2e34e9e5-label\" class=\"forminator-label\">Select a Service <span class=\"forminator-required\">*<\/span><\/span><label id=\"forminator-field-radio-1-label-1\" for=\"forminator-field-radio-1-1-69e5a2e34e9e5\" class=\"forminator-radio forminator-radio-inline\" title=\"Road Freight Transportation\"><input type=\"radio\" name=\"radio-1\" value=\"one\" id=\"forminator-field-radio-1-1-69e5a2e34e9e5\" aria-labelledby=\"forminator-field-radio-1-label-1\" data-calculation=\"0\"   data-hidden-behavior=\"zero\"\/><span class=\"forminator-radio-bullet\" aria-hidden=\"true\"><\/span><span class=\"forminator-radio-label\">Road Freight Transportation<\/span><\/label><label id=\"forminator-field-radio-1-label-2\" for=\"forminator-field-radio-1-2-69e5a2e34e9e5\" class=\"forminator-radio forminator-radio-inline\" title=\"Sea Freight Transportation\"><input type=\"radio\" name=\"radio-1\" value=\"two\" id=\"forminator-field-radio-1-2-69e5a2e34e9e5\" aria-labelledby=\"forminator-field-radio-1-label-2\" data-calculation=\"0\"   data-hidden-behavior=\"zero\"\/><span class=\"forminator-radio-bullet\" aria-hidden=\"true\"><\/span><span class=\"forminator-radio-label\">Sea Freight Transportation<\/span><\/label><label id=\"forminator-field-radio-1-label-3\" for=\"forminator-field-radio-1-3-69e5a2e34e9e5\" class=\"forminator-radio forminator-radio-inline\" title=\"Intermodal\"><input type=\"radio\" name=\"radio-1\" value=\"Intermodal\" id=\"forminator-field-radio-1-3-69e5a2e34e9e5\" aria-labelledby=\"forminator-field-radio-1-label-3\" data-calculation=\"0\"   data-hidden-behavior=\"zero\"\/><span class=\"forminator-radio-bullet\" aria-hidden=\"true\"><\/span><span class=\"forminator-radio-label\">Intermodal<\/span><\/label><label id=\"forminator-field-radio-1-label-4\" for=\"forminator-field-radio-1-4-69e5a2e34e9e5\" class=\"forminator-radio forminator-radio-inline\" title=\"Customs Brokerage Services\"><input type=\"radio\" name=\"radio-1\" value=\"G\u00fcmr\u00fck-Brokerlik-Hizmetleri\" id=\"forminator-field-radio-1-4-69e5a2e34e9e5\" aria-labelledby=\"forminator-field-radio-1-label-4\" data-calculation=\"0\"   data-hidden-behavior=\"zero\"\/><span class=\"forminator-radio-bullet\" aria-hidden=\"true\"><\/span><span class=\"forminator-radio-label\">Customs Brokerage Services<\/span><\/label><label id=\"forminator-field-radio-1-label-5\" for=\"forminator-field-radio-1-5-69e5a2e34e9e5\" class=\"forminator-radio forminator-radio-inline\" title=\"Foreign Trade and Supply Chain Solutions\"><input type=\"radio\" name=\"radio-1\" value=\"D\u0131\u015f-Ticaret-ve-Tedarik-Zinciri-\u00c7\u00f6z\u00fcmleri\" id=\"forminator-field-radio-1-5-69e5a2e34e9e5\" aria-labelledby=\"forminator-field-radio-1-label-5\" data-calculation=\"0\"   data-hidden-behavior=\"zero\"\/><span class=\"forminator-radio-bullet\" aria-hidden=\"true\"><\/span><span class=\"forminator-radio-label\">Foreign Trade and Supply Chain Solutions<\/span><\/label><label id=\"forminator-field-radio-1-label-6\" for=\"forminator-field-radio-1-6-69e5a2e34e9e5\" class=\"forminator-radio forminator-radio-inline\" title=\"Warehousing Solutions\"><input type=\"radio\" name=\"radio-1\" value=\"Depolama-\u00c7\u00f6z\u00fcmleri\" id=\"forminator-field-radio-1-6-69e5a2e34e9e5\" aria-labelledby=\"forminator-field-radio-1-label-6\" data-calculation=\"0\"   data-hidden-behavior=\"zero\"\/><span class=\"forminator-radio-bullet\" aria-hidden=\"true\"><\/span><span class=\"forminator-radio-label\">Warehousing Solutions<\/span><\/label><label id=\"forminator-field-radio-1-label-7\" for=\"forminator-field-radio-1-7-69e5a2e34e9e5\" class=\"forminator-radio forminator-radio-inline\" title=\"Certification Solutions\"><input type=\"radio\" name=\"radio-1\" value=\"Sertifika-\u00c7\u00f6z\u00fcmleri\" id=\"forminator-field-radio-1-7-69e5a2e34e9e5\" aria-labelledby=\"forminator-field-radio-1-label-7\" data-calculation=\"0\"   data-hidden-behavior=\"zero\"\/><span class=\"forminator-radio-bullet\" aria-hidden=\"true\"><\/span><span class=\"forminator-radio-label\">Certification Solutions<\/span><\/label><label id=\"forminator-field-radio-1-label-8\" for=\"forminator-field-radio-1-8-69e5a2e34e9e5\" class=\"forminator-radio forminator-radio-inline\" title=\"Insurance Procedures\"><input type=\"radio\" name=\"radio-1\" value=\"Sigorta-\u0130\u015flemleri\" id=\"forminator-field-radio-1-8-69e5a2e34e9e5\" aria-labelledby=\"forminator-field-radio-1-label-8\" data-calculation=\"0\"   data-hidden-behavior=\"zero\"\/><span class=\"forminator-radio-bullet\" aria-hidden=\"true\"><\/span><span class=\"forminator-radio-label\">Insurance Procedures<\/span><\/label><label id=\"forminator-field-radio-1-label-9\" for=\"forminator-field-radio-1-9-69e5a2e34e9e5\" class=\"forminator-radio forminator-radio-inline\" title=\"Product Delivery and Distribution\"><input type=\"radio\" name=\"radio-1\" value=\"\u00dcr\u00fcn-Teslimat\u0131-ve-Da\u011f\u0131t\u0131m\" id=\"forminator-field-radio-1-9-69e5a2e34e9e5\" aria-labelledby=\"forminator-field-radio-1-label-9\" data-calculation=\"0\"   data-hidden-behavior=\"zero\"\/><span class=\"forminator-radio-bullet\" aria-hidden=\"true\"><\/span><span class=\"forminator-radio-label\">Product Delivery and Distribution<\/span><\/label><\/div><\/div><\/div><div class=\"forminator-row\"><div id=\"text-4\" class=\"forminator-field-text forminator-col forminator-col-12 \"><div class=\"forminator-field\"><label for=\"forminator-field-text-4_69e5a2e34e9e5\" id=\"forminator-field-text-4_69e5a2e34e9e5-label\" class=\"forminator-label\">Weight <span class=\"forminator-required\">*<\/span><\/label><input type=\"text\" name=\"text-4\" value=\"\" placeholder=\"KG\" id=\"forminator-field-text-4_69e5a2e34e9e5\" class=\"forminator-input forminator-name--field\" data-required=\"1\" \/><\/div><\/div><\/div><div class=\"forminator-row\"><div id=\"textarea-1\" class=\"forminator-field-textarea forminator-col forminator-col-12 \"><div class=\"forminator-field\"><label for=\"forminator-field-textarea-1_69e5a2e34e9e5\" id=\"forminator-field-textarea-1_69e5a2e34e9e5-label\" class=\"forminator-label\">Note<\/label><textarea name=\"textarea-1\" placeholder=\"Optional\" id=\"forminator-field-textarea-1_69e5a2e34e9e5\" class=\"forminator-textarea\" rows=\"6\" style=\"min-height:140px;\" ><\/textarea><\/div><\/div><\/div><input type=\"hidden\" name=\"referer_url\" value=\"\" \/><div class=\"forminator-row forminator-row-last\"><div class=\"forminator-col\"><div class=\"forminator-field\"><button class=\"forminator-button forminator-button-submit\">Get a Quote<\/button><\/div><\/div><\/div><input type=\"hidden\" id=\"forminator_nonce\" name=\"forminator_nonce\" value=\"755eccf7d4\" \/><input type=\"hidden\" name=\"_wp_http_referer\" value=\"\/en\/wp-json\/wp\/v2\/pages\/16032\" \/><input type=\"hidden\" name=\"form_id\" value=\"16065\"><input type=\"hidden\" name=\"page_id\" value=\"16032\"><input type=\"hidden\" name=\"form_type\" value=\"default\"><input type=\"hidden\" name=\"current_url\" value=\"https:\/\/reflojistik.com\/en\/get-a-quote\/\"><input type=\"hidden\" name=\"render_id\" value=\"0\"><input type=\"hidden\" name=\"action\" value=\"forminator_submit_form_custom-forms\"><\/form><\/div>\n\t\t\t\t\t\t<\/div>\n\t\t\t\t<\/div>\r\n\t\t\t\t<\/div>\r\n\t\t\t\t\t<\/div>\r\n\t\t\t\t<\/div>\r\n\t\t\t\t<\/div>\r\n\t\t\t\t\t<\/div>\r\n\t\t\t\t<\/div>\r\n\t\t\t\t\t<\/div>\r\n\t\t\t\t<\/div>\r\n\t\t<div class=\"elementor-element elementor-element-47bd268 e-flex e-con-boxed pxl-section-overflow-visible pxl-column-none pxl-section-fix-none pxl-bg-color-none e-con e-parent \" data-id=\"47bd268\" data-element_type=\"container\" data-e-type=\"container\">\t\t\t<div class=\"e-con-inner\">\r\n\t\t\t\t<div class=\"elementor-element elementor-element-518c719 elementor-widget elementor-widget-spacer\" data-id=\"518c719\" data-element_type=\"widget\" data-e-type=\"widget\" data-widget_type=\"spacer.default\">\n\t\t\t\t\t\t\t<div class=\"elementor-spacer\">\n\t\t\t<div class=\"elementor-spacer-inner\"><\/div>\n\t\t<\/div>\n\t\t\t\t\t\t<\/div>\n\t\t\t\t\t<\/div>\r\n\t\t\t\t<\/div>\r\n\t\t\t\t<\/div>\n\t\t","protected":false},"excerpt":{"rendered":"<p>Get a Quote Solutions Tailored to Your Needs We always consider customer satisfaction our top priority and aim to provide you with the best possible service. In order to offer solutions that best meet your needs, we are here to share our offers for freight and other logistics services. You can provide us with detailed [&hellip;]<\/p>\n","protected":false},"author":1,"featured_media":0,"parent":0,"menu_order":0,"comment_status":"closed","ping_status":"closed","template":"","meta":{"footnotes":""},"class_list":["post-16032","page","type-page","status-publish","hentry"],"_links":{"self":[{"href":"https:\/\/reflojistik.com\/en\/wp-json\/wp\/v2\/pages\/16032","targetHints":{"allow":["GET"]}}],"collection":[{"href":"https:\/\/reflojistik.com\/en\/wp-json\/wp\/v2\/pages"}],"about":[{"href":"https:\/\/reflojistik.com\/en\/wp-json\/wp\/v2\/types\/page"}],"author":[{"embeddable":true,"href":"https:\/\/reflojistik.com\/en\/wp-json\/wp\/v2\/users\/1"}],"replies":[{"embeddable":true,"href":"https:\/\/reflojistik.com\/en\/wp-json\/wp\/v2\/comments?post=16032"}],"version-history":[{"count":8,"href":"https:\/\/reflojistik.com\/en\/wp-json\/wp\/v2\/pages\/16032\/revisions"}],"predecessor-version":[{"id":16073,"href":"https:\/\/reflojistik.com\/en\/wp-json\/wp\/v2\/pages\/16032\/revisions\/16073"}],"wp:attachment":[{"href":"https:\/\/reflojistik.com\/en\/wp-json\/wp\/v2\/media?parent=16032"}],"curies":[{"name":"wp","href":"https:\/\/api.w.org\/{rel}","templated":true}]}}